{"id":1009,"date":"2019-03-23T00:23:04","date_gmt":"2019-03-22T23:23:04","guid":{"rendered":"https:\/\/uli-schwander.com\/wordpress\/?page_id=1009"},"modified":"2019-04-12T15:29:23","modified_gmt":"2019-04-12T13:29:23","slug":"centro-cultural-palacio-almudi-murcia-spain-2012","status":"publish","type":"page","link":"https:\/\/uli-schwander.com\/wordpress\/index.php\/my-work\/2008-2013\/centro-cultural-palacio-almudi-murcia-spain-2012\/","title":{"rendered":"Centro Cultural Palacio Almud\u00ed &#8211; Murcia, Spain 2012"},"content":{"rendered":"\n<figure class=\"wp-block-image\"><img decoding=\"async\" loading=\"lazy\" width=\"1024\" height=\"768\" src=\"https:\/\/uli-schwander.com\/wordpress\/wp-content\/uploads\/2019\/03\/9DCD305C-9D32-4C61-B409-F22ABB9D060B-IMG_9814-Kopie-1024x768.jpg\" alt=\"\" class=\"wp-image-1015\" srcset=\"https:\/\/uli-schwander.com\/wordpress\/wp-content\/uploads\/2019\/03\/9DCD305C-9D32-4C61-B409-F22ABB9D060B-IMG_9814-Kopie-1024x768.jpg 1024w, https:\/\/uli-schwander.com\/wordpress\/wp-content\/uploads\/2019\/03\/9DCD305C-9D32-4C61-B409-F22ABB9D060B-IMG_9814-Kopie-300x225.jpg 300w, https:\/\/uli-schwander.com\/wordpress\/wp-content\/uploads\/2019\/03\/9DCD305C-9D32-4C61-B409-F22ABB9D060B-IMG_9814-Kopie-768x576.jpg 768w\" sizes=\"(max-width: 1024px) 100vw, 1024px\" \/><figcaption><strong>>PORTRAIT OF A PAIR&lt; Ceheg\u00edn red marble, finalist at intern. contest, colecci\u00f3n Fundaci\u00f3nes Murcia Futuro y Crist\u00f3bal Gabarr\u00f3n<\/strong><\/figcaption><\/figure>\n\n\n\n<div class=\"wp-block-columns has-2-columns is-layout-flex wp-container-3 wp-block-columns-is-layout-flex\">\n<div class=\"wp-block-column is-layout-flow wp-block-column-is-layout-flow\">\n<figure class=\"wp-block-image is-resized\"><img decoding=\"async\" loading=\"lazy\" src=\"https:\/\/uli-schwander.com\/wordpress\/wp-content\/uploads\/2019\/03\/5E702870-CCB3-49B6-86D4-C5E859254390-IMG_9791-3-1024x620.jpg\" alt=\"\" class=\"wp-image-1019\" width=\"426\" height=\"257\" srcset=\"https:\/\/uli-schwander.com\/wordpress\/wp-content\/uploads\/2019\/03\/5E702870-CCB3-49B6-86D4-C5E859254390-IMG_9791-3-1024x620.jpg 1024w, https:\/\/uli-schwander.com\/wordpress\/wp-content\/uploads\/2019\/03\/5E702870-CCB3-49B6-86D4-C5E859254390-IMG_9791-3-300x182.jpg 300w, https:\/\/uli-schwander.com\/wordpress\/wp-content\/uploads\/2019\/03\/5E702870-CCB3-49B6-86D4-C5E859254390-IMG_9791-3-768x465.jpg 768w\" sizes=\"(max-width: 426px) 100vw, 426px\" \/><\/figure>\n<\/div>\n\n\n\n<div class=\"wp-block-column is-layout-flow wp-block-column-is-layout-flow\">\n<figure class=\"wp-block-image is-resized\"><img decoding=\"async\" loading=\"lazy\" src=\"https:\/\/uli-schwander.com\/wordpress\/wp-content\/uploads\/2019\/03\/2B5473F4-2C56-48B2-BE95-441E6CC622CC-Copia-de-IMG_9802-3-1-1024x576.jpg\" alt=\"\" class=\"wp-image-1020\" width=\"456\" height=\"256\" srcset=\"https:\/\/uli-schwander.com\/wordpress\/wp-content\/uploads\/2019\/03\/2B5473F4-2C56-48B2-BE95-441E6CC622CC-Copia-de-IMG_9802-3-1-1024x576.jpg 1024w, https:\/\/uli-schwander.com\/wordpress\/wp-content\/uploads\/2019\/03\/2B5473F4-2C56-48B2-BE95-441E6CC622CC-Copia-de-IMG_9802-3-1-300x169.jpg 300w, https:\/\/uli-schwander.com\/wordpress\/wp-content\/uploads\/2019\/03\/2B5473F4-2C56-48B2-BE95-441E6CC622CC-Copia-de-IMG_9802-3-1-768x432.jpg 768w\" sizes=\"(max-width: 456px) 100vw, 456px\" \/><\/figure>\n<\/div>\n<\/div>\n","protected":false},"excerpt":{"rendered":"","protected":false},"author":1,"featured_media":0,"parent":1321,"menu_order":12,"comment_status":"closed","ping_status":"closed","template":"","meta":{"site-sidebar-layout":"default","site-content-layout":"default","ast-site-content-layout":"","site-content-style":"default","site-sidebar-style":"default","ast-global-header-display":"","ast-banner-title-visibility":"","ast-main-header-display":"","ast-hfb-above-header-display":"","ast-hfb-below-header-display":"","ast-hfb-mobile-header-display":"","site-post-title":"","ast-breadcrumbs-content":"","ast-featured-img":"","footer-sml-layout":"","theme-transparent-header-meta":"default","adv-header-id-meta":"","stick-header-meta":"","header-above-stick-meta":"","header-main-stick-meta":"","header-below-stick-meta":"","astra-migrate-meta-layouts":"","footnotes":""},"_links":{"self":[{"href":"https:\/\/uli-schwander.com\/wordpress\/index.php\/wp-json\/wp\/v2\/pages\/1009"}],"collection":[{"href":"https:\/\/uli-schwander.com\/wordpress\/index.php\/wp-json\/wp\/v2\/pages"}],"about":[{"href":"https:\/\/uli-schwander.com\/wordpress\/index.php\/wp-json\/wp\/v2\/types\/page"}],"author":[{"embeddable":true,"href":"https:\/\/uli-schwander.com\/wordpress\/index.php\/wp-json\/wp\/v2\/users\/1"}],"replies":[{"embeddable":true,"href":"https:\/\/uli-schwander.com\/wordpress\/index.php\/wp-json\/wp\/v2\/comments?post=1009"}],"version-history":[{"count":2,"href":"https:\/\/uli-schwander.com\/wordpress\/index.php\/wp-json\/wp\/v2\/pages\/1009\/revisions"}],"predecessor-version":[{"id":1050,"href":"https:\/\/uli-schwander.com\/wordpress\/index.php\/wp-json\/wp\/v2\/pages\/1009\/revisions\/1050"}],"up":[{"embeddable":true,"href":"https:\/\/uli-schwander.com\/wordpress\/index.php\/wp-json\/wp\/v2\/pages\/1321"}],"wp:attachment":[{"href":"https:\/\/uli-schwander.com\/wordpress\/index.php\/wp-json\/wp\/v2\/media?parent=1009"}],"curies":[{"name":"wp","href":"https:\/\/api.w.org\/{rel}","templated":true}]}}