{"id":109,"date":"2019-01-21T20:50:05","date_gmt":"2019-01-21T19:50:05","guid":{"rendered":"http:\/\/web19a.cmskurse.com\/www3\/?page_id=103"},"modified":"2019-04-12T15:36:10","modified_gmt":"2019-04-12T13:36:10","slug":"besse-augverne-france-july-2017","status":"publish","type":"page","link":"https:\/\/uli-schwander.com\/wordpress\/index.php\/my-work\/recent-work\/besse-augverne-france-july-2017\/","title":{"rendered":"Besse, Augverne, France &#8211; July 2017"},"content":{"rendered":"\n<figure class=\"wp-block-image\"><img decoding=\"async\" loading=\"lazy\" width=\"1024\" height=\"683\" src=\"https:\/\/uli-schwander.com\/wordpress\/wp-content\/uploads\/2019\/01\/Besse17-039-PIQUE-NIQUEvista-lateral-1-1024x683.jpg\" alt=\"\" class=\"wp-image-140\" srcset=\"https:\/\/uli-schwander.com\/wordpress\/wp-content\/uploads\/2019\/01\/Besse17-039-PIQUE-NIQUEvista-lateral-1-1024x683.jpg 1024w, https:\/\/uli-schwander.com\/wordpress\/wp-content\/uploads\/2019\/01\/Besse17-039-PIQUE-NIQUEvista-lateral-1-300x200.jpg 300w, https:\/\/uli-schwander.com\/wordpress\/wp-content\/uploads\/2019\/01\/Besse17-039-PIQUE-NIQUEvista-lateral-1-768x512.jpg 768w\" sizes=\"(max-width: 1024px) 100vw, 1024px\" \/><figcaption><strong>&gt;PIQUENIQUE&lt; three blocs of grey trachy-andesite and one darker volcanic bomb, 50cm x 300cm x 250cm, La Villetour, Besse<\/strong><\/figcaption><\/figure>\n\n\n\n<p>&#8220; L&#8217;allemand Uli Schwander a opt\u00e9 pour une oeuvre ancr\u00e9e dans le paysage local avec &#8222;Pique-nique&#8220;, figuration conceptuelle d&#8217;une vache nourrissant son veau. La sc\u00e8ne, surprise par une coul\u00e9e de lave intempestive, est immortalis\u00e9e par des empreintes dans la pierre volcanique. &#8220;                                                                                                                                    LA MONTAGNE &#8211; 20\/07\/2017 <\/p>\n\n\n\n<div class=\"wp-block-image\"><figure class=\"aligncenter is-resized\"><img decoding=\"async\" loading=\"lazy\" src=\"https:\/\/uli-schwander.com\/wordpress\/wp-content\/uploads\/2019\/01\/Besse17-026-copia-PIQUE-NIQUE-con-dibujo-que-indica-posicion-y-direccion.jpg\" alt=\"\" class=\"wp-image-141\" width=\"820\" height=\"548\" srcset=\"https:\/\/uli-schwander.com\/wordpress\/wp-content\/uploads\/2019\/01\/Besse17-026-copia-PIQUE-NIQUE-con-dibujo-que-indica-posicion-y-direccion.jpg 820w, https:\/\/uli-schwander.com\/wordpress\/wp-content\/uploads\/2019\/01\/Besse17-026-copia-PIQUE-NIQUE-con-dibujo-que-indica-posicion-y-direccion-300x200.jpg 300w, https:\/\/uli-schwander.com\/wordpress\/wp-content\/uploads\/2019\/01\/Besse17-026-copia-PIQUE-NIQUE-con-dibujo-que-indica-posicion-y-direccion-768x513.jpg 768w\" sizes=\"(max-width: 820px) 100vw, 820px\" \/><figcaption>  Explanatory sketch showing the cows\u00b4 footprints position(blue) to suckle its young(red)<\/figcaption><\/figure><\/div>\n\n\n\n<div class=\"wp-block-image\"><figure class=\"aligncenter\"><img decoding=\"async\" loading=\"lazy\" width=\"885\" height=\"664\" src=\"https:\/\/uli-schwander.com\/wordpress\/wp-content\/uploads\/2019\/02\/Besse17-038-PIQUE-NIQUEvista-total-copia-1.jpg\" alt=\"\" class=\"wp-image-509\" srcset=\"https:\/\/uli-schwander.com\/wordpress\/wp-content\/uploads\/2019\/02\/Besse17-038-PIQUE-NIQUEvista-total-copia-1.jpg 885w, https:\/\/uli-schwander.com\/wordpress\/wp-content\/uploads\/2019\/02\/Besse17-038-PIQUE-NIQUEvista-total-copia-1-300x225.jpg 300w, https:\/\/uli-schwander.com\/wordpress\/wp-content\/uploads\/2019\/02\/Besse17-038-PIQUE-NIQUEvista-total-copia-1-768x576.jpg 768w\" sizes=\"(max-width: 885px) 100vw, 885px\" \/><figcaption>On the same meadow, there\u00b4s on one side a picnic area with a wooden table and benches and on the other a cave resultant from the lava flow.   <\/figcaption><\/figure><\/div>\n","protected":false},"excerpt":{"rendered":"<p>&#8220; L&#8217;allemand Uli Schwander a opt\u00e9 pour une oeuvre ancr\u00e9e dans le paysage local avec &#8222;Pique-nique&#8220;, figuration conceptuelle d&#8217;une vache nourrissant son veau. La sc\u00e8ne, surprise par une coul\u00e9e de lave intempestive, est immortalis\u00e9e par des empreintes dans la pierre volcanique. &#8220; LA MONTAGNE &#8211; 20\/07\/2017<\/p>\n","protected":false},"author":1,"featured_media":0,"parent":1249,"menu_order":9,"comment_status":"closed","ping_status":"closed","template":"","meta":{"site-sidebar-layout":"default","site-content-layout":"default","ast-site-content-layout":"","site-content-style":"default","site-sidebar-style":"default","ast-global-header-display":"","ast-banner-title-visibility":"","ast-main-header-display":"","ast-hfb-above-header-display":"","ast-hfb-below-header-display":"","ast-hfb-mobile-header-display":"","site-post-title":"","ast-breadcrumbs-content":"","ast-featured-img":"","footer-sml-layout":"","theme-transparent-header-meta":"default","adv-header-id-meta":"","stick-header-meta":"","header-above-stick-meta":"","header-main-stick-meta":"","header-below-stick-meta":"","astra-migrate-meta-layouts":"","footnotes":""},"_links":{"self":[{"href":"https:\/\/uli-schwander.com\/wordpress\/index.php\/wp-json\/wp\/v2\/pages\/109"}],"collection":[{"href":"https:\/\/uli-schwander.com\/wordpress\/index.php\/wp-json\/wp\/v2\/pages"}],"about":[{"href":"https:\/\/uli-schwander.com\/wordpress\/index.php\/wp-json\/wp\/v2\/types\/page"}],"author":[{"embeddable":true,"href":"https:\/\/uli-schwander.com\/wordpress\/index.php\/wp-json\/wp\/v2\/users\/1"}],"replies":[{"embeddable":true,"href":"https:\/\/uli-schwander.com\/wordpress\/index.php\/wp-json\/wp\/v2\/comments?post=109"}],"version-history":[{"count":12,"href":"https:\/\/uli-schwander.com\/wordpress\/index.php\/wp-json\/wp\/v2\/pages\/109\/revisions"}],"predecessor-version":[{"id":512,"href":"https:\/\/uli-schwander.com\/wordpress\/index.php\/wp-json\/wp\/v2\/pages\/109\/revisions\/512"}],"up":[{"embeddable":true,"href":"https:\/\/uli-schwander.com\/wordpress\/index.php\/wp-json\/wp\/v2\/pages\/1249"}],"wp:attachment":[{"href":"https:\/\/uli-schwander.com\/wordpress\/index.php\/wp-json\/wp\/v2\/media?parent=109"}],"curies":[{"name":"wp","href":"https:\/\/api.w.org\/{rel}","templated":true}]}}