{"id":1143,"date":"2019-04-10T15:49:03","date_gmt":"2019-04-10T13:49:03","guid":{"rendered":"https:\/\/uli-schwander.com\/wordpress\/?page_id=1143"},"modified":"2019-04-12T15:47:40","modified_gmt":"2019-04-12T13:47:40","slug":"my-work","status":"publish","type":"page","link":"https:\/\/uli-schwander.com\/wordpress\/index.php\/my-work\/","title":{"rendered":"my work"},"content":{"rendered":"<ul class=\"su-subpages\"><li class=\"page_item page-item-1249 page_item_has_children menu-item menu-item-has-children\"><a href=\"https:\/\/uli-schwander.com\/wordpress\/index.php\/my-work\/recent-work\/\" class=\"menu-link\">recent work<\/a>\n<ul class='children'>\n\t<li class=\"page_item page-item-70 menu-item\"><a href=\"https:\/\/uli-schwander.com\/wordpress\/index.php\/my-work\/recent-work\/narendrapur-bihar-india-nov-dic-2018\/\" class=\"menu-link\">Narendrapur, Bihar, India &#8211; Nov.\/Dic. 2018<\/a><\/li>\n\t<li class=\"page_item page-item-77 menu-item\"><a href=\"https:\/\/uli-schwander.com\/wordpress\/index.php\/my-work\/recent-work\/sueleymanpasa-tekirdag-turkey-sept-2018\/\" class=\"menu-link\">S\u00fcleymanpa\u015fa, Tekirda\u011f, Turkey &#8211; Sept. 2018<\/a><\/li>\n\t<li class=\"page_item page-item-96 menu-item\"><a href=\"https:\/\/uli-schwander.com\/wordpress\/index.php\/my-work\/recent-work\/soignies-belgium-aug-2018\/\" class=\"menu-link\">Soignies, Belgium &#8211; Aug. 2018<\/a><\/li>\n\t<li class=\"page_item page-item-109 menu-item\"><a href=\"https:\/\/uli-schwander.com\/wordpress\/index.php\/my-work\/recent-work\/besse-augverne-france-july-2017\/\" class=\"menu-link\">Besse, Augverne, France &#8211; July 2017<\/a><\/li>\n\t<li class=\"page_item page-item-192 menu-item\"><a href=\"https:\/\/uli-schwander.com\/wordpress\/index.php\/my-work\/recent-work\/besse-auvergne-france-july-2015\/\" class=\"menu-link\">Besse, Auvergne, France &#8211; July 2015<\/a><\/li>\n\t<li class=\"page_item page-item-224 menu-item\"><a href=\"https:\/\/uli-schwander.com\/wordpress\/index.php\/my-work\/recent-work\/alanya-turkey-nov-2014\/\" class=\"menu-link\">Alanya, Turkey &#8211; Nov. 2014<\/a><\/li>\n\t<li class=\"page_item page-item-196 menu-item\"><a href=\"https:\/\/uli-schwander.com\/wordpress\/index.php\/my-work\/recent-work\/besse-auvergne-france-2014\/\" class=\"menu-link\">Besse, Auvergne, France &#8211; July 2014<\/a><\/li>\n\t<li class=\"page_item page-item-233 menu-item\"><a href=\"https:\/\/uli-schwander.com\/wordpress\/index.php\/my-work\/recent-work\/targu-jiu-romania-aug-2013\/\" class=\"menu-link\">T\u00e2rgu Jiu, Romania &#8211; Aug. 2013<\/a><\/li>\n\t<li class=\"page_item page-item-242 menu-item\"><a href=\"https:\/\/uli-schwander.com\/wordpress\/index.php\/my-work\/recent-work\/ville-de-grasse-cote-dazur-interieur-france-june-2013\/\" class=\"menu-link\">Ville de Grasse, Cote d&#8217;Azur interieur, France &#8211; June 2013<\/a><\/li>\n\t<li class=\"page_item page-item-259 menu-item\"><a href=\"https:\/\/uli-schwander.com\/wordpress\/index.php\/my-work\/recent-work\/the-xxv-ube-internat-sculpture-biennale-yamaguchi-japan-2013\/\" class=\"menu-link\">The XXV Ube Sculpture Biennale, Yamaguchi &#8211; Japan 2013<\/a><\/li>\n<\/ul>\n<\/li>\n<li class=\"page_item page-item-1321 page_item_has_children menu-item menu-item-has-children\"><a href=\"https:\/\/uli-schwander.com\/wordpress\/index.php\/my-work\/2008-2013\/\" class=\"menu-link\">2008-2012<\/a>\n<ul class='children'>\n\t<li class=\"page_item page-item-1009 menu-item\"><a href=\"https:\/\/uli-schwander.com\/wordpress\/index.php\/my-work\/2008-2013\/centro-cultural-palacio-almudi-murcia-spain-2012\/\" class=\"menu-link\">Centro Cultural Palacio Almud\u00ed &#8211; Murcia, Spain 2012<\/a><\/li>\n\t<li class=\"page_item page-item-268 menu-item\"><a href=\"https:\/\/uli-schwander.com\/wordpress\/index.php\/my-work\/2008-2013\/hualien-taiwan-oct-2011\/\" class=\"menu-link\">Hualien, Taiwan &#8211; Oct. 2011<\/a><\/li>\n\t<li class=\"page_item page-item-297 menu-item\"><a href=\"https:\/\/uli-schwander.com\/wordpress\/index.php\/my-work\/2008-2013\/danilovgrad-montenegro-aug-2011\/\" class=\"menu-link\">Danilovgrad, Montenegro &#8211; Aug. 2011<\/a><\/li>\n\t<li class=\"page_item page-item-530 menu-item\"><a href=\"https:\/\/uli-schwander.com\/wordpress\/index.php\/my-work\/2008-2013\/le-revest-var-france-april-may-2011\/\" class=\"menu-link\">Le Revest-Les-Eaux, Var, France &#8211; April\/May 2011<\/a><\/li>\n\t<li class=\"page_item page-item-304 menu-item\"><a href=\"https:\/\/uli-schwander.com\/wordpress\/index.php\/my-work\/2008-2013\/st-blasien-black-forest-germany-2011\/\" class=\"menu-link\">St. Blasien, Black Forest &#8211; Germany 2011<\/a><\/li>\n\t<li class=\"page_item page-item-444 menu-item\"><a href=\"https:\/\/uli-schwander.com\/wordpress\/index.php\/my-work\/2008-2013\/st-blasien-black-forest-germany-2010\/\" class=\"menu-link\">St. Blasien, Black Forest &#8211; Germany 2010<\/a><\/li>\n\t<li class=\"page_item page-item-405 menu-item\"><a href=\"https:\/\/uli-schwander.com\/wordpress\/index.php\/my-work\/2008-2013\/uttarayan-art-foundation-jhaspur-baroda-gujarat-india-2010\/\" class=\"menu-link\">Uttarayan Art Foundation, Jhaspur, Baroda, Gujarat &#8211; India 2010<\/a><\/li>\n\t<li class=\"page_item page-item-504 menu-item\"><a href=\"https:\/\/uli-schwander.com\/wordpress\/index.php\/my-work\/2008-2013\/verona-dolce-italy-2010\/\" class=\"menu-link\">Verona, Dolc\u00e9 &#8211; Italy 2010<\/a><\/li>\n\t<li class=\"page_item page-item-572 menu-item\"><a href=\"https:\/\/uli-schwander.com\/wordpress\/index.php\/my-work\/2008-2013\/uhersky-brod-czech-republic-aug-2009\/\" class=\"menu-link\">Uhersky Brod, Czech Republic &#8211; Aug. 2009<\/a><\/li>\n\t<li class=\"page_item page-item-1025 menu-item\"><a href=\"https:\/\/uli-schwander.com\/wordpress\/index.php\/my-work\/2008-2013\/bienale-de-almeria\/\" class=\"menu-link\">Biennale de Almeria, ALBIAC &#8211; Rodalquilar AL, Spain 2009<\/a><\/li>\n\t<li class=\"page_item page-item-570 menu-item\"><a href=\"https:\/\/uli-schwander.com\/wordpress\/index.php\/my-work\/2008-2013\/diyarbakir-turkey-sept-2009\/\" class=\"menu-link\">Diyarbak\u0131r, Turkey &#8211; Sept. 2009<\/a><\/li>\n\t<li class=\"page_item page-item-617 menu-item\"><a href=\"https:\/\/uli-schwander.com\/wordpress\/index.php\/my-work\/2008-2013\/naron-galicia-spain-2008\/\" class=\"menu-link\">Nar\u00f3n, Galicia &#8211; Spain 2008<\/a><\/li>\n\t<li class=\"page_item page-item-649 menu-item\"><a href=\"https:\/\/uli-schwander.com\/wordpress\/index.php\/my-work\/2008-2013\/site-de-laongo-burkina-faso-feb-2008\/\" class=\"menu-link\">Site de Laongo,  Burkina Faso &#8211; Feb. 2008<\/a><\/li>\n<\/ul>\n<\/li>\n<li class=\"page_item page-item-1257 page_item_has_children menu-item menu-item-has-children\"><a href=\"https:\/\/uli-schwander.com\/wordpress\/index.php\/my-work\/2003-2013\/\" class=\"menu-link\">2003-2007<\/a>\n<ul class='children'>\n\t<li class=\"page_item page-item-661 menu-item\"><a href=\"https:\/\/uli-schwander.com\/wordpress\/index.php\/my-work\/2003-2013\/istanbul-turkey-sept-2005\/\" class=\"menu-link\">Istanbul, Turkey &#8211; Sept. 2005<\/a><\/li>\n\t<li class=\"page_item page-item-663 menu-item\"><a href=\"https:\/\/uli-schwander.com\/wordpress\/index.php\/my-work\/2003-2013\/horice-czech-republic-july-2005\/\" class=\"menu-link\">Horice,  Czech Republic &#8211; July 2005<\/a><\/li>\n\t<li class=\"page_item page-item-670 menu-item\"><a href=\"https:\/\/uli-schwander.com\/wordpress\/index.php\/my-work\/2003-2013\/vera-almeria-spain-may-2005\/\" class=\"menu-link\">Vera, Almer\u00eda, Spain &#8211; May 2005<\/a><\/li>\n\t<li class=\"page_item page-item-693 menu-item\"><a href=\"https:\/\/uli-schwander.com\/wordpress\/index.php\/my-work\/2003-2013\/portimao-algarve-portugal-sept-2005\/\" class=\"menu-link\">Portimao, Algarve, Portugal &#8211; Sept. 2004<\/a><\/li>\n\t<li class=\"page_item page-item-697 menu-item\"><a href=\"https:\/\/uli-schwander.com\/wordpress\/index.php\/my-work\/2003-2013\/dubai-uae-march-2004\/\" class=\"menu-link\">Dubai, UAE &#8211; March 2004<\/a><\/li>\n\t<li class=\"page_item page-item-695 menu-item\"><a href=\"https:\/\/uli-schwander.com\/wordpress\/index.php\/my-work\/2003-2013\/ehingen-germany-may-2004\/\" class=\"menu-link\">Ehingen, Germany &#8211; May 2004<\/a><\/li>\n\t<li class=\"page_item page-item-733 menu-item\"><a href=\"https:\/\/uli-schwander.com\/wordpress\/index.php\/my-work\/2003-2013\/nui-sam-chau-doc-mekong-delta-vietnam-nov-2003\/\" class=\"menu-link\">Nui Sam, Chau Doc, Mekong Delta, Vietnam &#8211; Nov. 2003<\/a><\/li>\n\t<li class=\"page_item page-item-741 menu-item\"><a href=\"https:\/\/uli-schwander.com\/wordpress\/index.php\/my-work\/2003-2013\/noja-cantabria-spain-june-2003\/\" class=\"menu-link\">Noja, Cantabria, Spain &#8211; June 2003<\/a><\/li>\n\t<li class=\"page_item page-item-744 menu-item\"><a href=\"https:\/\/uli-schwander.com\/wordpress\/index.php\/my-work\/2003-2013\/novelda-alicante-spain-may-2003\/\" class=\"menu-link\">Novelda, Alicante, Spain &#8211; May 2003<\/a><\/li>\n<\/ul>\n<\/li>\n<li class=\"page_item page-item-1255 page_item_has_children menu-item menu-item-has-children\"><a href=\"https:\/\/uli-schwander.com\/wordpress\/index.php\/my-work\/1992-2002\/\" class=\"menu-link\">1998-2002<\/a>\n<ul class='children'>\n\t<li class=\"page_item page-item-746 menu-item\"><a href=\"https:\/\/uli-schwander.com\/wordpress\/index.php\/my-work\/1992-2002\/yach-black-forest-germany-july-2002\/\" class=\"menu-link\">Yach, Black Forest, Germany &#8211; July 2002<\/a><\/li>\n\t<li class=\"page_item page-item-752 menu-item\"><a href=\"https:\/\/uli-schwander.com\/wordpress\/index.php\/my-work\/1992-2002\/puerto-lumbreras-murcia-spain-may-2002\/\" class=\"menu-link\">Puerto Lumbreras, Murcia, Spain &#8211; May 2002<\/a><\/li>\n\t<li class=\"page_item page-item-750 menu-item\"><a href=\"https:\/\/uli-schwander.com\/wordpress\/index.php\/my-work\/1992-2002\/fines-almeria-spain-sept-2001\/\" class=\"menu-link\">Fines, Almer\u00eda, Spain &#8211; Sept. 2001<\/a><\/li>\n\t<li class=\"page_item page-item-748 menu-item\"><a href=\"https:\/\/uli-schwander.com\/wordpress\/index.php\/my-work\/1992-2002\/cobdar-almeria-spain-july-2001\/\" class=\"menu-link\">C\u00f3bdar, Almer\u00eda, Spain &#8211; July 2001<\/a><\/li>\n\t<li class=\"page_item page-item-808 menu-item\"><a href=\"https:\/\/uli-schwander.com\/wordpress\/index.php\/my-work\/1992-2002\/siskas-mill-vanov-czech-republic-july-2000\/\" class=\"menu-link\">Siska\u00b4s Mill, Vanov, Czech Republic &#8211; July 2000<\/a><\/li>\n\t<li class=\"page_item page-item-810 menu-item\"><a href=\"https:\/\/uli-schwander.com\/wordpress\/index.php\/my-work\/1992-2002\/ciudad-de-la-habana-cuba-april-2000\/\" class=\"menu-link\">Ciudad de la Habana, Cuba &#8211; April 2000<\/a><\/li>\n\t<li class=\"page_item page-item-812 menu-item\"><a href=\"https:\/\/uli-schwander.com\/wordpress\/index.php\/my-work\/1992-2002\/sprimont-belgium-july-1999\/\" class=\"menu-link\">Sprimont, Belgium &#8211; July 1999<\/a><\/li>\n\t<li class=\"page_item page-item-816 menu-item\"><a href=\"https:\/\/uli-schwander.com\/wordpress\/index.php\/my-work\/1992-2002\/yutoland-himekami-tamayama-iwate-japan-june-july-1998\/\" class=\"menu-link\">Yutoland Himekami, Tamayama, Iwate, Japan &#8211; June\/July 1998<\/a><\/li>\n\t<li class=\"page_item page-item-814 menu-item\"><a href=\"https:\/\/uli-schwander.com\/wordpress\/index.php\/my-work\/1992-2002\/durbach-black-forest-germany-june-1999\/\" class=\"menu-link\">Durbach, Black Forest, Germany &#8211; June 1999<\/a><\/li>\n<\/ul>\n<\/li>\n<li class=\"page_item page-item-1325 page_item_has_children menu-item menu-item-has-children\"><a href=\"https:\/\/uli-schwander.com\/wordpress\/index.php\/my-work\/1992-1997\/\" class=\"menu-link\">1992-1997<\/a>\n<ul class='children'>\n\t<li class=\"page_item page-item-818 menu-item\"><a href=\"https:\/\/uli-schwander.com\/wordpress\/index.php\/my-work\/1992-1997\/londorf-giessen-germany-aug-1997\/\" class=\"menu-link\">Londorf, Giessen, Germany &#8211; Aug. 1997<\/a><\/li>\n\t<li class=\"page_item page-item-820 menu-item\"><a href=\"https:\/\/uli-schwander.com\/wordpress\/index.php\/my-work\/1992-1997\/mayen-eifel-germany-june-1997\/\" class=\"menu-link\">Mayen, Eifel, Germany &#8211; June 1997<\/a><\/li>\n\t<li class=\"page_item page-item-823 menu-item\"><a href=\"https:\/\/uli-schwander.com\/wordpress\/index.php\/my-work\/1992-1997\/velpke-wolfsburg-germany-july-1996\/\" class=\"menu-link\">Velpke, Wolfsburg, Germany &#8211; July 1996<\/a><\/li>\n\t<li class=\"page_item page-item-825 menu-item\"><a href=\"https:\/\/uli-schwander.com\/wordpress\/index.php\/my-work\/1992-1997\/europapark-klagenfurt-austria-july-1995\/\" class=\"menu-link\">Europapark Klagenfurt, Austria &#8211; July 1995<\/a><\/li>\n\t<li class=\"page_item page-item-1040 menu-item\"><a href=\"https:\/\/uli-schwander.com\/wordpress\/index.php\/my-work\/1992-1997\/clave-gallery-murcia\/\" class=\"menu-link\">Clave Gallery, Murcia &#8211; Spain 1995<\/a><\/li>\n\t<li class=\"page_item page-item-1006 menu-item\"><a href=\"https:\/\/uli-schwander.com\/wordpress\/index.php\/my-work\/1992-1997\/v-sculpture-biennale-iglesia-de-san-esteban-murcia-spain-1994\/\" class=\"menu-link\">V Sculpture Biennale &#8211; Iglesia de San Esteban, Murcia, Spain 1994<\/a><\/li>\n\t<li class=\"page_item page-item-827 menu-item\"><a href=\"https:\/\/uli-schwander.com\/wordpress\/index.php\/my-work\/1992-1997\/les-avins-en-condroz-belgium-aug-1992\/\" class=\"menu-link\">Les Avins-en-Condroz, Belgium &#8211; Aug. 1992<\/a><\/li>\n\t<li class=\"page_item page-item-829 menu-item\"><a href=\"https:\/\/uli-schwander.com\/wordpress\/index.php\/my-work\/1992-1997\/besse-auvergne-france-july-1992\/\" class=\"menu-link\">Besse, Auvergne, France &#8211; July 1992<\/a><\/li>\n<\/ul>\n<\/li>\n<\/ul>\n","protected":false},"excerpt":{"rendered":"","protected":false},"author":1,"featured_media":0,"parent":0,"menu_order":26,"comment_status":"closed","ping_status":"closed","template":"","meta":{"site-sidebar-layout":"default","site-content-layout":"default","ast-site-content-layout":"","site-content-style":"default","site-sidebar-style":"default","ast-global-header-display":"","ast-banner-title-visibility":"","ast-main-header-display":"","ast-hfb-above-header-display":"","ast-hfb-below-header-display":"","ast-hfb-mobile-header-display":"","site-post-title":"","ast-breadcrumbs-content":"","ast-featured-img":"","footer-sml-layout":"","theme-transparent-header-meta":"default","adv-header-id-meta":"","stick-header-meta":"","header-above-stick-meta":"","header-main-stick-meta":"","header-below-stick-meta":"","astra-migrate-meta-layouts":"","footnotes":""},"_links":{"self":[{"href":"https:\/\/uli-schwander.com\/wordpress\/index.php\/wp-json\/wp\/v2\/pages\/1143"}],"collection":[{"href":"https:\/\/uli-schwander.com\/wordpress\/index.php\/wp-json\/wp\/v2\/pages"}],"about":[{"href":"https:\/\/uli-schwander.com\/wordpress\/index.php\/wp-json\/wp\/v2\/types\/page"}],"author":[{"embeddable":true,"href":"https:\/\/uli-schwander.com\/wordpress\/index.php\/wp-json\/wp\/v2\/users\/1"}],"replies":[{"embeddable":true,"href":"https:\/\/uli-schwander.com\/wordpress\/index.php\/wp-json\/wp\/v2\/comments?post=1143"}],"version-history":[{"count":3,"href":"https:\/\/uli-schwander.com\/wordpress\/index.php\/wp-json\/wp\/v2\/pages\/1143\/revisions"}],"predecessor-version":[{"id":1333,"href":"https:\/\/uli-schwander.com\/wordpress\/index.php\/wp-json\/wp\/v2\/pages\/1143\/revisions\/1333"}],"wp:attachment":[{"href":"https:\/\/uli-schwander.com\/wordpress\/index.php\/wp-json\/wp\/v2\/media?parent=1143"}],"curies":[{"name":"wp","href":"https:\/\/api.w.org\/{rel}","templated":true}]}}