{"id":1249,"date":"2019-04-12T13:41:45","date_gmt":"2019-04-12T11:41:45","guid":{"rendered":"https:\/\/uli-schwander.com\/wordpress\/?page_id=1249"},"modified":"2019-04-12T17:22:15","modified_gmt":"2019-04-12T15:22:15","slug":"recent-work","status":"publish","type":"page","link":"https:\/\/uli-schwander.com\/wordpress\/index.php\/my-work\/recent-work\/","title":{"rendered":"recent work"},"content":{"rendered":"<ul class=\"su-subpages\"><li class=\"page_item page-item-70 menu-item\"><a href=\"https:\/\/uli-schwander.com\/wordpress\/index.php\/my-work\/recent-work\/narendrapur-bihar-india-nov-dic-2018\/\" class=\"menu-link\">Narendrapur, Bihar, India &#8211; Nov.\/Dic. 2018<\/a><\/li>\n<li class=\"page_item page-item-77 menu-item\"><a href=\"https:\/\/uli-schwander.com\/wordpress\/index.php\/my-work\/recent-work\/sueleymanpasa-tekirdag-turkey-sept-2018\/\" class=\"menu-link\">S\u00fcleymanpa\u015fa, Tekirda\u011f, Turkey &#8211; Sept. 2018<\/a><\/li>\n<li class=\"page_item page-item-96 menu-item\"><a href=\"https:\/\/uli-schwander.com\/wordpress\/index.php\/my-work\/recent-work\/soignies-belgium-aug-2018\/\" class=\"menu-link\">Soignies, Belgium &#8211; Aug. 2018<\/a><\/li>\n<li class=\"page_item page-item-109 menu-item\"><a href=\"https:\/\/uli-schwander.com\/wordpress\/index.php\/my-work\/recent-work\/besse-augverne-france-july-2017\/\" class=\"menu-link\">Besse, Augverne, France &#8211; July 2017<\/a><\/li>\n<li class=\"page_item page-item-192 menu-item\"><a href=\"https:\/\/uli-schwander.com\/wordpress\/index.php\/my-work\/recent-work\/besse-auvergne-france-july-2015\/\" class=\"menu-link\">Besse, Auvergne, France &#8211; July 2015<\/a><\/li>\n<li class=\"page_item page-item-224 menu-item\"><a href=\"https:\/\/uli-schwander.com\/wordpress\/index.php\/my-work\/recent-work\/alanya-turkey-nov-2014\/\" class=\"menu-link\">Alanya, Turkey &#8211; Nov. 2014<\/a><\/li>\n<li class=\"page_item page-item-196 menu-item\"><a href=\"https:\/\/uli-schwander.com\/wordpress\/index.php\/my-work\/recent-work\/besse-auvergne-france-2014\/\" class=\"menu-link\">Besse, Auvergne, France &#8211; July 2014<\/a><\/li>\n<li class=\"page_item page-item-233 menu-item\"><a href=\"https:\/\/uli-schwander.com\/wordpress\/index.php\/my-work\/recent-work\/targu-jiu-romania-aug-2013\/\" class=\"menu-link\">T\u00e2rgu Jiu, Romania &#8211; Aug. 2013<\/a><\/li>\n<li class=\"page_item page-item-242 menu-item\"><a href=\"https:\/\/uli-schwander.com\/wordpress\/index.php\/my-work\/recent-work\/ville-de-grasse-cote-dazur-interieur-france-june-2013\/\" class=\"menu-link\">Ville de Grasse, Cote d&#8217;Azur interieur, France &#8211; June 2013<\/a><\/li>\n<li class=\"page_item page-item-259 menu-item\"><a href=\"https:\/\/uli-schwander.com\/wordpress\/index.php\/my-work\/recent-work\/the-xxv-ube-internat-sculpture-biennale-yamaguchi-japan-2013\/\" class=\"menu-link\">The XXV Ube Sculpture Biennale, Yamaguchi &#8211; Japan 2013<\/a><\/li>\n<\/ul>\n","protected":false},"excerpt":{"rendered":"","protected":false},"author":1,"featured_media":0,"parent":1143,"menu_order":0,"comment_status":"closed","ping_status":"closed","template":"","meta":{"site-sidebar-layout":"default","site-content-layout":"default","ast-site-content-layout":"","site-content-style":"default","site-sidebar-style":"default","ast-global-header-display":"","ast-banner-title-visibility":"","ast-main-header-display":"","ast-hfb-above-header-display":"","ast-hfb-below-header-display":"","ast-hfb-mobile-header-display":"","site-post-title":"","ast-breadcrumbs-content":"","ast-featured-img":"","footer-sml-layout":"","theme-transparent-header-meta":"default","adv-header-id-meta":"","stick-header-meta":"","header-above-stick-meta":"","header-main-stick-meta":"","header-below-stick-meta":"","astra-migrate-meta-layouts":"","footnotes":""},"_links":{"self":[{"href":"https:\/\/uli-schwander.com\/wordpress\/index.php\/wp-json\/wp\/v2\/pages\/1249"}],"collection":[{"href":"https:\/\/uli-schwander.com\/wordpress\/index.php\/wp-json\/wp\/v2\/pages"}],"about":[{"href":"https:\/\/uli-schwander.com\/wordpress\/index.php\/wp-json\/wp\/v2\/types\/page"}],"author":[{"embeddable":true,"href":"https:\/\/uli-schwander.com\/wordpress\/index.php\/wp-json\/wp\/v2\/users\/1"}],"replies":[{"embeddable":true,"href":"https:\/\/uli-schwander.com\/wordpress\/index.php\/wp-json\/wp\/v2\/comments?post=1249"}],"version-history":[{"count":2,"href":"https:\/\/uli-schwander.com\/wordpress\/index.php\/wp-json\/wp\/v2\/pages\/1249\/revisions"}],"predecessor-version":[{"id":1359,"href":"https:\/\/uli-schwander.com\/wordpress\/index.php\/wp-json\/wp\/v2\/pages\/1249\/revisions\/1359"}],"up":[{"embeddable":true,"href":"https:\/\/uli-schwander.com\/wordpress\/index.php\/wp-json\/wp\/v2\/pages\/1143"}],"wp:attachment":[{"href":"https:\/\/uli-schwander.com\/wordpress\/index.php\/wp-json\/wp\/v2\/media?parent=1249"}],"curies":[{"name":"wp","href":"https:\/\/api.w.org\/{rel}","templated":true}]}}