{"id":242,"date":"2019-01-28T20:54:59","date_gmt":"2019-01-28T19:54:59","guid":{"rendered":"https:\/\/uli-schwander.com\/wordpress\/?page_id=242"},"modified":"2019-04-12T16:18:53","modified_gmt":"2019-04-12T14:18:53","slug":"ville-de-grasse-cote-dazur-interieur-france-june-2013","status":"publish","type":"page","link":"https:\/\/uli-schwander.com\/wordpress\/index.php\/my-work\/recent-work\/ville-de-grasse-cote-dazur-interieur-france-june-2013\/","title":{"rendered":"Ville de Grasse, Cote d&#8217;Azur interieur, France &#8211; June 2013"},"content":{"rendered":"\n<figure class=\"wp-block-image\"><img decoding=\"async\" loading=\"lazy\" width=\"1024\" height=\"604\" src=\"https:\/\/uli-schwander.com\/wordpress\/wp-content\/uploads\/2019\/01\/2bSMALL-MONUMENT-TO-THE-POWER-OF-IMAGINATION-1024x604.jpg\" alt=\"\" class=\"wp-image-244\" srcset=\"https:\/\/uli-schwander.com\/wordpress\/wp-content\/uploads\/2019\/01\/2bSMALL-MONUMENT-TO-THE-POWER-OF-IMAGINATION-1024x604.jpg 1024w, https:\/\/uli-schwander.com\/wordpress\/wp-content\/uploads\/2019\/01\/2bSMALL-MONUMENT-TO-THE-POWER-OF-IMAGINATION-300x177.jpg 300w, https:\/\/uli-schwander.com\/wordpress\/wp-content\/uploads\/2019\/01\/2bSMALL-MONUMENT-TO-THE-POWER-OF-IMAGINATION-768x453.jpg 768w, https:\/\/uli-schwander.com\/wordpress\/wp-content\/uploads\/2019\/01\/2bSMALL-MONUMENT-TO-THE-POWER-OF-IMAGINATION.jpg 1860w\" sizes=\"(max-width: 1024px) 100vw, 1024px\" \/><figcaption><strong>&gt;PETIT MONUMENT A L&#8217;IMAGINATION &#8211; HOMMAGE A ANTOINE DE SAINT-EXUP\u00c9RY&lt; Carrara marble,&nbsp;50cm&nbsp;x&nbsp;40cm&nbsp;x&nbsp;110cm<\/strong><\/figcaption><\/figure>\n\n\n\n<p>Grasse is related with Saint-Exup\u00e9ry, because his widow lived here and he and his plane had been shot down not far from here over the Mediterranean Sea at the east of Marseille in 1944. There is an elementary school which is named after him.<\/p>\n\n\n\n<figure class=\"wp-block-image\"><img decoding=\"async\" loading=\"lazy\" width=\"1024\" height=\"736\" src=\"https:\/\/uli-schwander.com\/wordpress\/wp-content\/uploads\/2019\/01\/2aSMALL-MONUMENT-TO-THE-POWER-OF-IMAGINATION-1024x736.jpg\" alt=\"\" class=\"wp-image-245\" srcset=\"https:\/\/uli-schwander.com\/wordpress\/wp-content\/uploads\/2019\/01\/2aSMALL-MONUMENT-TO-THE-POWER-OF-IMAGINATION-1024x736.jpg 1024w, https:\/\/uli-schwander.com\/wordpress\/wp-content\/uploads\/2019\/01\/2aSMALL-MONUMENT-TO-THE-POWER-OF-IMAGINATION-300x216.jpg 300w, https:\/\/uli-schwander.com\/wordpress\/wp-content\/uploads\/2019\/01\/2aSMALL-MONUMENT-TO-THE-POWER-OF-IMAGINATION-768x552.jpg 768w\" sizes=\"(max-width: 1024px) 100vw, 1024px\" \/><\/figure>\n\n\n\n<figure class=\"wp-block-image\"><img decoding=\"async\" loading=\"lazy\" width=\"1024\" height=\"1024\" src=\"https:\/\/uli-schwander.com\/wordpress\/wp-content\/uploads\/2019\/01\/Ecole-\u00e9l\u00e9mentaire-Saint-Exup\u00e9ry-1024x1024.jpg\" alt=\"\" class=\"wp-image-246\" srcset=\"https:\/\/uli-schwander.com\/wordpress\/wp-content\/uploads\/2019\/01\/Ecole-\u00e9l\u00e9mentaire-Saint-Exup\u00e9ry-1024x1024.jpg 1024w, https:\/\/uli-schwander.com\/wordpress\/wp-content\/uploads\/2019\/01\/Ecole-\u00e9l\u00e9mentaire-Saint-Exup\u00e9ry-150x150.jpg 150w, https:\/\/uli-schwander.com\/wordpress\/wp-content\/uploads\/2019\/01\/Ecole-\u00e9l\u00e9mentaire-Saint-Exup\u00e9ry-300x300.jpg 300w, https:\/\/uli-schwander.com\/wordpress\/wp-content\/uploads\/2019\/01\/Ecole-\u00e9l\u00e9mentaire-Saint-Exup\u00e9ry-768x768.jpg 768w\" sizes=\"(max-width: 1024px) 100vw, 1024px\" \/><figcaption>Installed at the play ground of Ecole \u00c9l\u00e9mentaire Saint-Exup\u00e9ry, Ville de Grasse.<\/figcaption><\/figure>\n\n\n\n<p><\/p>\n","protected":false},"excerpt":{"rendered":"<p>Grasse is related with Saint-Exup\u00e9ry, because his widow lived here and he and his plane had been shot down not far from here over the Mediterranean Sea at the east of Marseille in 1944. There is an elementary school which is named after him.<\/p>\n","protected":false},"author":1,"featured_media":0,"parent":1249,"menu_order":22,"comment_status":"closed","ping_status":"closed","template":"","meta":{"site-sidebar-layout":"default","site-content-layout":"default","ast-site-content-layout":"","site-content-style":"default","site-sidebar-style":"default","ast-global-header-display":"","ast-banner-title-visibility":"","ast-main-header-display":"","ast-hfb-above-header-display":"","ast-hfb-below-header-display":"","ast-hfb-mobile-header-display":"","site-post-title":"","ast-breadcrumbs-content":"","ast-featured-img":"","footer-sml-layout":"","theme-transparent-header-meta":"default","adv-header-id-meta":"","stick-header-meta":"","header-above-stick-meta":"","header-main-stick-meta":"","header-below-stick-meta":"","astra-migrate-meta-layouts":"","footnotes":""},"_links":{"self":[{"href":"https:\/\/uli-schwander.com\/wordpress\/index.php\/wp-json\/wp\/v2\/pages\/242"}],"collection":[{"href":"https:\/\/uli-schwander.com\/wordpress\/index.php\/wp-json\/wp\/v2\/pages"}],"about":[{"href":"https:\/\/uli-schwander.com\/wordpress\/index.php\/wp-json\/wp\/v2\/types\/page"}],"author":[{"embeddable":true,"href":"https:\/\/uli-schwander.com\/wordpress\/index.php\/wp-json\/wp\/v2\/users\/1"}],"replies":[{"embeddable":true,"href":"https:\/\/uli-schwander.com\/wordpress\/index.php\/wp-json\/wp\/v2\/comments?post=242"}],"version-history":[{"count":6,"href":"https:\/\/uli-schwander.com\/wordpress\/index.php\/wp-json\/wp\/v2\/pages\/242\/revisions"}],"predecessor-version":[{"id":282,"href":"https:\/\/uli-schwander.com\/wordpress\/index.php\/wp-json\/wp\/v2\/pages\/242\/revisions\/282"}],"up":[{"embeddable":true,"href":"https:\/\/uli-schwander.com\/wordpress\/index.php\/wp-json\/wp\/v2\/pages\/1249"}],"wp:attachment":[{"href":"https:\/\/uli-schwander.com\/wordpress\/index.php\/wp-json\/wp\/v2\/media?parent=242"}],"curies":[{"name":"wp","href":"https:\/\/api.w.org\/{rel}","templated":true}]}}