{"id":527,"date":"2019-04-05T23:08:08","date_gmt":"2019-04-05T21:08:08","guid":{"rendered":"https:\/\/uli-schwander.com\/wordpress\/?page_id=527"},"modified":"2019-04-05T23:35:19","modified_gmt":"2019-04-05T21:35:19","slug":"cv","status":"publish","type":"page","link":"https:\/\/uli-schwander.com\/wordpress\/index.php\/cv\/","title":{"rendered":"CV"},"content":{"rendered":"\n<p><strong>ULI SCHWANDER<\/strong> &nbsp;&nbsp;&nbsp;&nbsp;&nbsp;&nbsp;&nbsp;&nbsp;&nbsp;&nbsp;&nbsp;&nbsp;&nbsp;&nbsp;&nbsp;&nbsp;&nbsp;&nbsp;&nbsp;&nbsp;&nbsp;&nbsp;&nbsp;&nbsp;&nbsp;&nbsp;&nbsp;&nbsp;&nbsp;&nbsp;&nbsp;&nbsp;&nbsp;&nbsp;&nbsp;&nbsp;&nbsp;&nbsp;&nbsp;&nbsp;&nbsp;&nbsp;&nbsp;&nbsp;<\/p>\n\n\n\n<p>1958&nbsp;&nbsp;&nbsp;&nbsp;&nbsp;&nbsp;&nbsp;&nbsp;&nbsp;&nbsp;   born in Bad S\u00e4ckingen, Germany<\/p>\n\n\n\n<p>1979 -1989 &nbsp;&nbsp;Education: nursing (Dipl. 82), Romance languages (University of Freiburg+Granada), Fine Arts (Dipl. in Sculpture FKSM, 89)             <\/p>\n\n\n\n<p>Since 1989 &nbsp;&nbsp;&nbsp;living and working as an independent artist in Freiburg, Germany and Antas, Andalusia, Spain  <\/p>\n\n\n\n<p>Languages: &nbsp;&nbsp;German, Spanish, English and French<\/p>\n\n\n\n<p><\/p>\n\n\n\n<p><\/p>\n\n\n\n<p><strong>Participation at International Sculpture Symposia:<\/strong><br><\/p>\n\n\n\n<p>&#8211; I International Sculpture Symposium Parivartan Bihar, India 2018<\/p>\n\n\n\n<p>&#8211; IV International Bisanthe Symposium, Suleimanpasa, Tekirdag, Turkey 2018<\/p>\n\n\n\n<p>&#8211; IV Symposium Soignies, Belgium 2018<\/p>\n\n\n\n<p>&#8211; I+II+III Intern. Lavastone Festival, \u2018Fleurs de Lave\u2019, Besse, France, 2014+2015+2017<\/p>\n\n\n\n<p>&#8211; XI International Alanya Stone Sculpture Symposium, Turkey 2014<\/p>\n\n\n\n<p>&#8211; II International Sculpture Symposium \u00ab&nbsp;Brancusiana&nbsp;\u00bb Targu-Jui, Rumania 2013<\/p>\n\n\n\n<p>&#8211; IV Ville de Grasse International Marble Sculpture Symposium, France 2013<\/p>\n\n\n\n<p>&#8211; Hualien International Stone Sculpture Symposum. Taiwan 2011<\/p>\n\n\n\n<p>&#8211; Danilovgrad International Stone Sculpture Symposium, Montenegro 2011<\/p>\n\n\n\n<p>&#8211; XVI Wood Sculpture symposium St.Blasien, Black Forest, Germany 2011<\/p>\n\n\n\n<p>&#8211; \u2019DES FOURMIS EN ROUTE\u2019, ancient quarry, Le Revest, Var, France, Avril\/May 2011<\/p>\n\n\n\n<p>&#8211; X Simposio Internazionale di Scultura del Marmo, Verona, Italia, 2010<\/p>\n\n\n\n<p>&#8211; XV Wood Sculpture Contest St.Blasien, Black Forest, Germany 2010<\/p>\n\n\n\n<p>&#8211; X Sandstone Contest, Villamayor, Salamanca, Spain, 2010<\/p>\n\n\n\n<p>&#8211; II Bronze Symposium, Uttarayan Art Foundation, Baroda, India, 2010<\/p>\n\n\n\n<p>&#8211; I Diyarbakir International Stone Sculpture Symposium, Turkey, 2009 <\/p>\n\n\n\n<p>&#8211; IV Stone Sculpture Symposium Uhersky Brod, Czech Republic, 2009 <\/p>\n\n\n\n<p>&#8211; I Int. \u2018Art and Nature\u2019 meeting, Nar\u00f3n, Galicia, Spain 2008<\/p>\n\n\n\n<p>&#8211; I Int. Stone Sculpture Symposium at Korca, Albania, 2008<\/p>\n\n\n\n<p>&#8211; VIII I.S.S. in granite, Site de Laongo, &nbsp;Burkina Faso, Africa, 2008<\/p>\n\n\n\n<p>&#8211; Istanbul I.S.S., Mimar Sinan Fine Arts University, Turkey, 2005<\/p>\n\n\n\n<p>&#8211; Horice I.S.S. Czech. Republic, 2005<\/p>\n\n\n\n<p>&#8211; I Mediteranean S.S.S. Vera, Almeria 2005, Spain.<\/p>\n\n\n\n<p>&#8211; IV ISS Portimao, Algarve, Portugal, 2004<\/p>\n\n\n\n<p>&#8211; II Kunstforum Ehingen, Ulm, Germany 2004<\/p>\n\n\n\n<p>&#8211; I Intern. Sculpture Symposium Dubai, U.A.E., 2004<\/p>\n\n\n\n<p>&#8211; IV ISS of Vietnam, An Giang Province, Mekong Delta, Nui Sam, 2003 <\/p>\n\n\n\n<p>&#8211; III Intern. Symposium, Noja, Cantabria, Spain 2003<\/p>\n\n\n\n<p>&#8211; III International Marble Sculpture Symposium, Novelda, Alicante, Spain 2003<\/p>\n\n\n\n<p>&#8211; I International Granite S. S., Yach, Black Forest, Germany 2002<\/p>\n\n\n\n<p>&#8211; I International Site Specific S.S., Puerto Lumbreras, Spain 2002<\/p>\n\n\n\n<p>&#8211; IV ISS, Fines, Almer\u00eda, Spain 2001<\/p>\n\n\n\n<p>&#8211; II Intern. Meeting of Fine Arts, Castle of San Mart\u00edn de Valde\u00edglesias, Madrid 2001<\/p>\n\n\n\n<p>&#8211; Summer Sculptor Meeting, Siska\u2019s Mill, Vanov, Czech Republic 2000<\/p>\n\n\n\n<p>&#8211; CODEMA 2000, Forum Intern. de Escultura Ambiental, La Habana, Cuba 2000<\/p>\n\n\n\n<p>&#8211; VI Rencontres Internationales de Sculpture de Sprimont, Belgium 1999<\/p>\n\n\n\n<p>&#8211; V Intern. Bildhauersymposium Durbach, Staufenburgklinik, Durbach, Germany 1999<\/p>\n\n\n\n<p>&#8211; XXV Iwate Town International Stone Sculpture Symposium Iwate, Japan 1998<\/p>\n\n\n\n<p>&#8211; I Intern. Basalt Lava Symposium Londorf, Germany 1997<\/p>\n\n\n\n<p>&#8211; V Intern. Symposium \u2018LAPIDEA 97\u2019 &nbsp;Mayen, Germany 1997<\/p>\n\n\n\n<p>&#8211; I Intern. Hard Sandstone Symposium Velpke, Germany 1996<\/p>\n\n\n\n<p>&#8211; XXVII ISS Krastal-Klagenfurt, Austria 1995<\/p>\n\n\n\n<p>&#8211; XII International Symposium \u201cPierre Taill\u00e9e\u201d, Les Avins-en-Condroz, Belgium 1992<\/p>\n\n\n\n<p>&#8211; III Intern. Lava Symposium Besse, Auvergne, France 1992<\/p>\n\n\n\n<p><\/p>\n\n\n\n<p><strong>Individual Show<\/strong><\/p>\n\n\n\n<p> <br>&#8211;  ESTRELLA DE MAR; Galer\u00eda del Hotel Real, Agua Amarga, Almer\u00eda, Spain, June 2018 <a href=\"https:\/\/www.cabogataalmeria.com\/blog\/exposicion-escultorica-de-uli-schwander-en-agua-amarga\/\">https:\/\/www.cabogataalmeria.com\/blog\/exposicion-escultorica-de-uli-schwander-en-agua-amarga\/<\/a><\/p>\n\n\n\n<p>&#8211; \u2018Uli Schwander &#8211; Andalusian Stones\u2019, Innovation Academy, Freiburg, Germany, since 2002<\/p>\n\n\n\n<p>&#8211; \u2018Ten Years with S\u00edsifo\u2019, Almer\u00eda District Council, 2001, Spain<\/p>\n\n\n\n<p>&#8211; \u2018Lavastone Sculptures\u2019, Dom\u2019 Arte Gallery, Rucphen, Netherlands 1999<\/p>\n\n\n\n<p>&#8211; \u2018Andalusian Stones\u2019, Castle Park Bad S\u00e4ckingen, Germany, 1996<\/p>\n\n\n\n<p>&#8211; \u2018Guest on Earth\u2019, Clave Gallery, Murcia, Spain 1995<\/p>\n\n\n\n<p>&#8211; \u2018Sculptures\u2019, Cath. Academy of Freiburg, Germany 1994<br><\/p>\n\n\n\n<p><strong>Collective Exhibitions:<\/strong><br><\/p>\n\n\n\n<p>&#8211; UBE SCULPTURE BIENNALE,  finalist exhibition, Tokiwa Museum, Ube City, Yamaguchi, Japan 2013<\/p>\n\n\n\n<p>&#8211; Sculpture Contest Fundaci\u00f3n Gabarr\u00f3n, finalist exhibition, Palacio Almud\u00ed, Murcia, Spain, 2013  <\/p>\n\n\n\n<p>&#8211; \u2018Uli Schwander &#8211; Ivan Kral -Thomas Neukirch, Moj\u00e1car, Almer\u00eda 2012<\/p>\n\n\n\n<p>&#8211; \u2018Tierra de Arte\u2019, Nijar, AL, 2009<\/p>\n\n\n\n<p>&#8211; Arte Gira 07, Viator, Arboleas, Carboneras, AL, 2007<\/p>\n\n\n\n<p>&#8211; Biennale of Almer\u00eda, ALBIAC, 2006<\/p>\n\n\n\n<p>&#8211; \u2018Ojos del Sol\u2019, Moj\u00e1car AL 2005, Garrucha AL 2006<\/p>\n\n\n\n<p>&#8211; \u2018Artists for El Sahara\u2019, Almer\u00eda Art Center, Spain 2002<\/p>\n\n\n\n<p>&#8211; \u2018Constructive Art in Europe\u2019, Emilia Suciu Gallery, Ettlingen, (D) 2001<\/p>\n\n\n\n<p>&#8211; \u2018At the Threshold of the Third Millenium\u2019, Hors Lieux Gallery Strasbourg, France 2000<\/p>\n\n\n\n<p>&#8211; \u2018Intern. &nbsp;Sculpture Competition\u2019, Castelraimundo, Italy 1999<\/p>\n\n\n\n<p>&#8211; \u2018Sculpture Conquers the Castle\u2019, CAPA Found., Santa B\u00e1rbara Castle, Alicante, Spain \u201998<\/p>\n\n\n\n<p>&#8211; \u2018Blood Marriage &#8211; European Artists with Lorca\u2019, Centre Cultural Lorca, Brussels(B)\u201998 &nbsp;<\/p>\n\n\n\n<p>&#8211; \u201810<sup>th <\/sup>Millfield Intern. Sculpture. Commission\u2019 (finalist), Millfield, U. K. 1998<\/p>\n\n\n\n<p>&#8211; \u2018Ten Years of Dreams\u2019, CLAVE Gallery, Murcia, Spain, Nov. 1997 &#8211; Feb. 1998 <\/p>\n\n\n\n<p>&#8211; \u2018ART \u2013 Almer\u00eda\u2019, Contemporary. Art Exhibition, Aud. M. Padilla, Almer\u00eda, Spain 1997<\/p>\n\n\n\n<p>&#8211; \u2018XXI National Sculpture Competition\u2019, Caja de Madrid, Spain 1997<\/p>\n\n\n\n<p>&#8211; Gallery and Sculpture Park Groeneveld, Almelo, Netherlands 1997<\/p>\n\n\n\n<p>&#8211; \u2018Nat. Contemporary Art Competition\u2019, Alicante, Spain 1997<\/p>\n\n\n\n<p>&#8211; \u20181<sup>st<\/sup> International Outdoor Sculpture Competition\u2019, Aoiz, Spain 1997<\/p>\n\n\n\n<p>&#8211; \u2018Sculpture Award \u2013 Paseo Mar\u00edtimo\u2019 &nbsp;Zarautz, Bask Country, Spain 1997<\/p>\n\n\n\n<p>&#8211; Cantera \u2013 Beelden Gallery, Utrecht, Netherlands, 1996<\/p>\n\n\n\n<p>&#8211; \u2018Movement \u2013 Inertia\u2019, Tom\u00e1s March Gallery, Valencia, Spain 1996<\/p>\n\n\n\n<p>&#8211; Gallery Europahaus, Klagenfurt, Carinthia, Austria 1995<\/p>\n\n\n\n<p>&#8211; \u2018LVI and LIV National Art Exhibition\u2019, Valdepe\u00f1as, Spain 1995 and 1993<\/p>\n\n\n\n<p>&#8211; \u2018IV Mostra Union Fenosa\u2019, National Art Competition, La Coru\u00f1a, Spain 1995<\/p>\n\n\n\n<p>&#8211; \u2018Arte \u2013 Sur\u2019, Internat. Contemporary Art Fair, Granada, Spain, 1995-1999<\/p>\n\n\n\n<p>&#8211; \u2018V Sculpture Biennale of Murcia\u2019, Sala de San Esteban, Murcia, Spain 1994<\/p>\n\n\n\n<p>&#8211; \u2018Salon Grands et Jeunes D\u2019Aujourd\u2019hui\u2019, Grand Palais, Paris, France 1993<\/p>\n\n\n\n<p>&#8211; \u2018Momentary Sculpture from Almer\u00eda\u2019, itinerary: Madrid \u2013 Almer\u00eda \u2013 Purchena &#8211; <br>   Barcelona \u2013 Bilbao \u2013 Paris, Sala &nbsp;de UNESCO, 1993-1994   <\/p>\n\n\n\n<p>&#8211; 1<sup>st<\/sup> National Sculpture Exhibition, Macael, Spain 1992<\/p>\n\n\n\n<p><strong>Prizes:<\/strong><br><\/p>\n\n\n\n<p>&#8211; 1<sup>st<\/sup> Prize, Intern. Sculpture Contest, EXPOLULA, Olula del R\u00edo, Spain 2000<\/p>\n\n\n\n<p>&#8211; Prize-Acquisition, Nord-LB Foundation, Velpke, Germany 1996<\/p>\n\n\n\n<p>&#8211; Prize-Acquisition, V Sculpture Biennial, Murcia, Spain 1994<\/p>\n\n\n\n<p>&#8211; 3<sup>rd<\/sup> Prize \u2018Ciudad de Burriana\u2019, VI Open Air Sculpture Competition, Spain 1993<br><\/p>\n\n\n\n<p><strong>Sculptures in Public Spaces:<\/strong><br><\/p>\n\n\n\n<p>&#8211; Tokiwa Museum Sculpture Garden, Ube, Yamaguchi, Japan<\/p>\n\n\n\n<p>&#8211; Targu-Jiu, Rumania, Museum Park<\/p>\n\n\n\n<p>&#8211; Ville de Grasse, France, \u00c9cole primaire publique Saint-Exup\u00e9ry<\/p>\n\n\n\n<p>&#8211; Hualien, Chihsingtan Scenic Area, Taiwan<\/p>\n\n\n\n<p>&#8211; Le Revest-Les-Eaux ancient quarry, Provence, France <\/p>\n\n\n\n<p>&#8211; Dolc\u00e8, City Park, Verona, Italy<\/p>\n\n\n\n<p>&#8211; Uttarayan Art Foundation, Baroda, Gujarat, India, in front of museum <\/p>\n\n\n\n<p>&#8211; Diyarbakir, Turkey, old city wall<\/p>\n\n\n\n<p>&#8211; Uhersky Brod, passage of city wall<\/p>\n\n\n\n<p>&#8211; Aldea Nova, Nar\u00f3n, Galicia, Spain<\/p>\n\n\n\n<p>&#8211; Kor\u00e7a, City Park, Albania<\/p>\n\n\n\n<p>&#8211; Site de Laongo, Burkina Faso<\/p>\n\n\n\n<p>&#8211; Vera, Almer\u00eda, Parque de la Rambla del Algarrobo, Spain<\/p>\n\n\n\n<p>&#8211; Istanbul, Findikly Park, Turkey<\/p>\n\n\n\n<p>&#8211; Horice, Sculpture Garden, Czech Republic<\/p>\n\n\n\n<p>&#8211; City of Portimao, Algarve, Portugal<\/p>\n\n\n\n<p>&#8211; EMAAR Collection, Dubai, United Arab Emirates<\/p>\n\n\n\n<p>&#8211; An Giang Sculpture Garden, Vietnam<\/p>\n\n\n\n<p>&#8211; Noja, City Collection, Spain <\/p>\n\n\n\n<p>&#8211; Novelda, Alicante, Parque del Oueste, Spain<\/p>\n\n\n\n<p>&#8211; Yach, Deggelsbach, Black Forest, Germany<\/p>\n\n\n\n<p>&#8211; Puerto Lumbreras, Murcia, Regional Tourist Office, Spain <\/p>\n\n\n\n<p>&#8211; San Mart\u00edn de Valde\u00edglesias, Madrid<\/p>\n\n\n\n<p>&#8211; Siska\u2019s Mill Sculpture Garden, Vanov, Czech Republic <\/p>\n\n\n\n<p>&#8211; Ciudad de La Habana, Malec\u00f3n, Cuba<\/p>\n\n\n\n<p>&#8211; Sculpture Park, Staufenburg Klinik Durbach, Germany<\/p>\n\n\n\n<p>&#8211; Yutoland Himekami, Tamayama, Iwate, Japan<\/p>\n\n\n\n<p>&#8211; Londorf, Giessen, Lumdatal, Germany<\/p>\n\n\n\n<p>&#8211; Mayen\/Eifel, LAPIDEA Sculpture Park, Germany<\/p>\n\n\n\n<p>&#8211; Velpke\/Wolfsburg, City Park, Germany<\/p>\n\n\n\n<p>&#8211; Klagenfurt, Europapark, Austria <\/p>\n\n\n\n<p>&#8211; Murcia del Carmen, Museum for Contemporary Art, Spain<\/p>\n\n\n\n<p>&#8211; Besse, Sculpture Path, Auvergne, France<\/p>\n\n\n\n<p><\/p>\n\n\n\n<p><strong>Director of international sculpture symposia, workshops and courses:<\/strong><br><\/p>\n\n\n\n<p>&#8211;<strong> <\/strong>I Mediterranean Stone Sculpture Symposium. \u2018City of Vera\u2019, Almer\u00eda, Spain 2005<\/p>\n\n\n\n<p>&#8211; I Intern. Site Specific Sculpture Symposium Puerto Lumbreras, Murcia, Spain 2002<\/p>\n\n\n\n<p>&#8211; 1<sup>st<\/sup> International Students Stone Sculpt. Workshop, C\u00f3bdar, Almer\u00eda, Spain 2001<\/p>\n\n\n\n<p>&#8211; Visiting Artist, University of Dayton and Sinclair College, Dayton, Ohio, USA 1998<\/p>\n\n\n\n<p>&#8211; Cochise College, Sierra Vista, Arizona, USA 1996 and 1998<\/p>\n\n\n\n<p>&#8211; Stone Sculpture workshops in Andalusia, in collaboration with German adult colleges  <br>   since 1996 &nbsp; <\/p>\n\n\n\n<p>&#8211; Freiburg Prison, sculpture course with inmates, Germany 1988-89<br><\/p>\n","protected":false},"excerpt":{"rendered":"<p>ULI SCHWANDER &nbsp;&nbsp;&nbsp;&nbsp;&nbsp;&nbsp;&nbsp;&nbsp;&nbsp;&nbsp;&nbsp;&nbsp;&nbsp;&nbsp;&nbsp;&nbsp;&nbsp;&nbsp;&nbsp;&nbsp;&nbsp;&nbsp;&nbsp;&nbsp;&nbsp;&nbsp;&nbsp;&nbsp;&nbsp;&nbsp;&nbsp;&nbsp;&nbsp;&nbsp;&nbsp;&nbsp;&nbsp;&nbsp;&nbsp;&nbsp;&nbsp;&nbsp;&nbsp;&nbsp; 1958&nbsp;&nbsp;&nbsp;&nbsp;&nbsp;&nbsp;&nbsp;&nbsp;&nbsp;&nbsp; born in Bad S\u00e4ckingen, Germany 1979 -1989 &nbsp;&nbsp;Education: nursing (Dipl. 82), Romance languages (University of Freiburg+Granada), Fine Arts (Dipl. in Sculpture FKSM, 89) Since 1989 &nbsp;&nbsp;&nbsp;living and working as an independent artist in Freiburg, Germany and Antas, Andalusia, Spain Languages: &nbsp;&nbsp;German, Spanish, English and French Participation at International Sculpture Symposia: &#8211; &hellip;<\/p>\n<p class=\"read-more\"> <a class=\"\" href=\"https:\/\/uli-schwander.com\/wordpress\/index.php\/cv\/\"> <span class=\"screen-reader-text\">CV<\/span> Weiterlesen &raquo;<\/a><\/p>\n","protected":false},"author":1,"featured_media":0,"parent":0,"menu_order":34,"comment_status":"closed","ping_status":"closed","template":"","meta":{"site-sidebar-layout":"default","site-content-layout":"default","ast-site-content-layout":"","site-content-style":"default","site-sidebar-style":"default","ast-global-header-display":"","ast-banner-title-visibility":"","ast-main-header-display":"","ast-hfb-above-header-display":"","ast-hfb-below-header-display":"","ast-hfb-mobile-header-display":"","site-post-title":"","ast-breadcrumbs-content":"","ast-featured-img":"","footer-sml-layout":"","theme-transparent-header-meta":"default","adv-header-id-meta":"","stick-header-meta":"","header-above-stick-meta":"","header-main-stick-meta":"","header-below-stick-meta":"","astra-migrate-meta-layouts":"","footnotes":""},"_links":{"self":[{"href":"https:\/\/uli-schwander.com\/wordpress\/index.php\/wp-json\/wp\/v2\/pages\/527"}],"collection":[{"href":"https:\/\/uli-schwander.com\/wordpress\/index.php\/wp-json\/wp\/v2\/pages"}],"about":[{"href":"https:\/\/uli-schwander.com\/wordpress\/index.php\/wp-json\/wp\/v2\/types\/page"}],"author":[{"embeddable":true,"href":"https:\/\/uli-schwander.com\/wordpress\/index.php\/wp-json\/wp\/v2\/users\/1"}],"replies":[{"embeddable":true,"href":"https:\/\/uli-schwander.com\/wordpress\/index.php\/wp-json\/wp\/v2\/comments?post=527"}],"version-history":[{"count":5,"href":"https:\/\/uli-schwander.com\/wordpress\/index.php\/wp-json\/wp\/v2\/pages\/527\/revisions"}],"predecessor-version":[{"id":1115,"href":"https:\/\/uli-schwander.com\/wordpress\/index.php\/wp-json\/wp\/v2\/pages\/527\/revisions\/1115"}],"wp:attachment":[{"href":"https:\/\/uli-schwander.com\/wordpress\/index.php\/wp-json\/wp\/v2\/media?parent=527"}],"curies":[{"name":"wp","href":"https:\/\/api.w.org\/{rel}","templated":true}]}}