{"id":661,"date":"2019-03-01T18:36:27","date_gmt":"2019-03-01T17:36:27","guid":{"rendered":"https:\/\/uli-schwander.com\/wordpress\/?page_id=661"},"modified":"2019-04-12T15:38:23","modified_gmt":"2019-04-12T13:38:23","slug":"istanbul-turkey-sept-2005","status":"publish","type":"page","link":"https:\/\/uli-schwander.com\/wordpress\/index.php\/my-work\/2003-2013\/istanbul-turkey-sept-2005\/","title":{"rendered":"Istanbul, Turkey &#8211; Sept. 2005"},"content":{"rendered":"\n<figure class=\"wp-block-image is-resized\"><img decoding=\"async\" loading=\"lazy\" src=\"https:\/\/uli-schwander.com\/wordpress\/wp-content\/uploads\/2019\/03\/BOSPORUS-TENT-Marmara-marble-275x130x125cm-Istanbul-2005-1024x721.jpg\" alt=\"\" class=\"wp-image-685\" width=\"945\" height=\"665\" srcset=\"https:\/\/uli-schwander.com\/wordpress\/wp-content\/uploads\/2019\/03\/BOSPORUS-TENT-Marmara-marble-275x130x125cm-Istanbul-2005-1024x721.jpg 1024w, https:\/\/uli-schwander.com\/wordpress\/wp-content\/uploads\/2019\/03\/BOSPORUS-TENT-Marmara-marble-275x130x125cm-Istanbul-2005-300x211.jpg 300w, https:\/\/uli-schwander.com\/wordpress\/wp-content\/uploads\/2019\/03\/BOSPORUS-TENT-Marmara-marble-275x130x125cm-Istanbul-2005-768x541.jpg 768w\" sizes=\"(max-width: 945px) 100vw, 945px\" \/><figcaption><strong>&gt;BOSPORUS TENT&lt; Marmara marble, 125cm x 275cm x 130cm, F\u0131nd\u0131kl\u0131 Parki Istanbul <\/strong><\/figcaption><\/figure>\n\n\n\n<div class=\"wp-block-columns has-2-columns is-layout-flex wp-container-3 wp-block-columns-is-layout-flex\">\n<div class=\"wp-block-column is-layout-flow wp-block-column-is-layout-flow\">\n<figure class=\"wp-block-image\"><img decoding=\"async\" loading=\"lazy\" width=\"1024\" height=\"768\" src=\"https:\/\/uli-schwander.com\/wordpress\/wp-content\/uploads\/2019\/03\/Findikly-Park-1024x768.jpg\" alt=\"\" class=\"wp-image-1052\" srcset=\"https:\/\/uli-schwander.com\/wordpress\/wp-content\/uploads\/2019\/03\/Findikly-Park-1024x768.jpg 1024w, https:\/\/uli-schwander.com\/wordpress\/wp-content\/uploads\/2019\/03\/Findikly-Park-300x225.jpg 300w, https:\/\/uli-schwander.com\/wordpress\/wp-content\/uploads\/2019\/03\/Findikly-Park-768x576.jpg 768w\" sizes=\"(max-width: 1024px) 100vw, 1024px\" \/><\/figure>\n<\/div>\n\n\n\n<div class=\"wp-block-column is-layout-flow wp-block-column-is-layout-flow\">\n<figure class=\"wp-block-image is-resized\"><img decoding=\"async\" loading=\"lazy\" src=\"https:\/\/uli-schwander.com\/wordpress\/wp-content\/uploads\/2019\/03\/THE-BOSPORUS-TENT-Marmara-marble-Istanbul-2005-2-1024x801.jpg\" alt=\"\" class=\"wp-image-1055\" width=\"435\" height=\"340\" srcset=\"https:\/\/uli-schwander.com\/wordpress\/wp-content\/uploads\/2019\/03\/THE-BOSPORUS-TENT-Marmara-marble-Istanbul-2005-2-1024x801.jpg 1024w, https:\/\/uli-schwander.com\/wordpress\/wp-content\/uploads\/2019\/03\/THE-BOSPORUS-TENT-Marmara-marble-Istanbul-2005-2-300x235.jpg 300w, https:\/\/uli-schwander.com\/wordpress\/wp-content\/uploads\/2019\/03\/THE-BOSPORUS-TENT-Marmara-marble-Istanbul-2005-2-768x600.jpg 768w\" sizes=\"(max-width: 435px) 100vw, 435px\" \/><\/figure>\n<\/div>\n<\/div>\n","protected":false},"excerpt":{"rendered":"","protected":false},"author":1,"featured_media":0,"parent":1257,"menu_order":7,"comment_status":"closed","ping_status":"closed","template":"","meta":{"site-sidebar-layout":"default","site-content-layout":"default","ast-site-content-layout":"","site-content-style":"default","site-sidebar-style":"default","ast-global-header-display":"","ast-banner-title-visibility":"","ast-main-header-display":"","ast-hfb-above-header-display":"","ast-hfb-below-header-display":"","ast-hfb-mobile-header-display":"","site-post-title":"","ast-breadcrumbs-content":"","ast-featured-img":"","footer-sml-layout":"","theme-transparent-header-meta":"default","adv-header-id-meta":"","stick-header-meta":"","header-above-stick-meta":"","header-main-stick-meta":"","header-below-stick-meta":"","astra-migrate-meta-layouts":"","footnotes":""},"_links":{"self":[{"href":"https:\/\/uli-schwander.com\/wordpress\/index.php\/wp-json\/wp\/v2\/pages\/661"}],"collection":[{"href":"https:\/\/uli-schwander.com\/wordpress\/index.php\/wp-json\/wp\/v2\/pages"}],"about":[{"href":"https:\/\/uli-schwander.com\/wordpress\/index.php\/wp-json\/wp\/v2\/types\/page"}],"author":[{"embeddable":true,"href":"https:\/\/uli-schwander.com\/wordpress\/index.php\/wp-json\/wp\/v2\/users\/1"}],"replies":[{"embeddable":true,"href":"https:\/\/uli-schwander.com\/wordpress\/index.php\/wp-json\/wp\/v2\/comments?post=661"}],"version-history":[{"count":6,"href":"https:\/\/uli-schwander.com\/wordpress\/index.php\/wp-json\/wp\/v2\/pages\/661\/revisions"}],"predecessor-version":[{"id":1057,"href":"https:\/\/uli-schwander.com\/wordpress\/index.php\/wp-json\/wp\/v2\/pages\/661\/revisions\/1057"}],"up":[{"embeddable":true,"href":"https:\/\/uli-schwander.com\/wordpress\/index.php\/wp-json\/wp\/v2\/pages\/1257"}],"wp:attachment":[{"href":"https:\/\/uli-schwander.com\/wordpress\/index.php\/wp-json\/wp\/v2\/media?parent=661"}],"curies":[{"name":"wp","href":"https:\/\/api.w.org\/{rel}","templated":true}]}}